{"id":24,"date":"2026-04-09T06:50:04","date_gmt":"2026-04-09T09:50:04","guid":{"rendered":"https:\/\/delusabonetes.com.br\/?page_id=24"},"modified":"2026-04-09T08:46:59","modified_gmt":"2026-04-09T11:46:59","slug":"nossa-historia","status":"publish","type":"page","link":"https:\/\/delusabonetes.com.br\/?page_id=24","title":{"rendered":"Nossa Historia"},"content":{"rendered":"\t\t<div data-elementor-type=\"wp-page\" data-elementor-id=\"24\" class=\"elementor elementor-24\" data-elementor-post-type=\"page\">\n\t\t\t\t<div class=\"elementor-element elementor-element-53029d8 e-flex e-con-boxed e-con e-parent\" data-id=\"53029d8\" data-element_type=\"container\" data-e-type=\"container\">\n\t\t\t\t\t<div class=\"e-con-inner\">\n\t\t\t\t<div class=\"elementor-element elementor-element-144f705 elementor-widget elementor-widget-text-editor\" data-id=\"144f705\" data-element_type=\"widget\" data-e-type=\"widget\" data-widget_type=\"text-editor.default\">\n\t\t\t\t\t\t\t\t\t<p>Sobre a Delu Sabonetes<\/p><p>A Delu Sabonetes nasceu como uma homenagem \u00e0 tradi\u00e7\u00e3o familiar e ao amor transmitido de gera\u00e7\u00e3o em gera\u00e7\u00e3o.<\/p><p>Nossa hist\u00f3ria come\u00e7ou com a saboaria artesanal iniciada por duas mulheres especiais da fam\u00edlia: minha m\u00e3e, Delza, e minha av\u00f3. Inspirada por esse legado de dedica\u00e7\u00e3o e cuidado, decidi continuar esse trabalho, transformando essa tradi\u00e7\u00e3o em uma marca que preserva valores, qualidade e carinho em cada detalhe.<\/p><p>O nome Delu nasce da uni\u00e3o de Delza (minha m\u00e3e) e Luciana (eu), simbolizando o amor, a uni\u00e3o e a for\u00e7a que sempre existiram entre n\u00f3s.<\/p><p>Cada sabonete \u00e9 produzido artesanalmente, com aten\u00e7\u00e3o e carinho, mantendo viva a ess\u00eancia de um saber passado de gera\u00e7\u00e3o em gera\u00e7\u00e3o. Mais do que produtos, nossos sabonetes carregam uma hist\u00f3ria de dedica\u00e7\u00e3o, honestidade e respeito pelas pessoas.<\/p><p>Na Delu Sabonetes, acreditamos que pequenos gestos de cuidado podem transformar o dia a dia. Por isso, cada sabonete \u00e9 feito para proporcionar bem-estar, aroma delicado e um momento especial de autocuidado.<\/p><p>\ud83c\udf3f Delu Sabonetes \u2014 tradi\u00e7\u00e3o, carinho e cuidado em cada detalhe<\/p>\t\t\t\t\t\t\t\t<\/div>\n\t\t\t\t\t<\/div>\n\t\t\t\t<\/div>\n\t\t\t\t<\/div>\n\t\t","protected":false},"excerpt":{"rendered":"<p>Sobre a Delu Sabonetes A Delu Sabonetes nasceu como uma homenagem \u00e0 tradi\u00e7\u00e3o familiar e ao amor transmitido de gera\u00e7\u00e3o [&hellip;]<\/p>\n","protected":false},"author":1,"featured_media":0,"parent":0,"menu_order":0,"comment_status":"closed","ping_status":"closed","template":"","meta":{"site-sidebar-layout":"no-sidebar","site-content-layout":"","ast-site-content-layout":"full-width-container","site-content-style":"default","site-sidebar-style":"default","ast-global-header-display":"","ast-banner-title-visibility":"","ast-main-header-display":"","ast-hfb-above-header-display":"","ast-hfb-below-header-display":"","ast-hfb-mobile-header-display":"","site-post-title":"","ast-breadcrumbs-content":"","ast-featured-img":"disabled","footer-sml-layout":"","ast-disable-related-posts":"","theme-transparent-header-meta":"","adv-header-id-meta":"","stick-header-meta":"","header-above-stick-meta":"","header-main-stick-meta":"","header-below-stick-meta":"","astra-migrate-meta-layouts":"default","ast-page-background-enabled":"default","ast-page-background-meta":{"desktop":{"background-color":"var(--ast-global-color-5)","background-image":"","background-repeat":"repeat","background-position":"center center","background-size":"auto","background-attachment":"scroll","background-type":"","background-media":"","overlay-type":"","overlay-color":"","overlay-opacity":"","overlay-gradient":""},"tablet":{"background-color":"","background-image":"","background-repeat":"repeat","background-position":"center center","background-size":"auto","background-attachment":"scroll","background-type":"","background-media":"","overlay-type":"","overlay-color":"","overlay-opacity":"","overlay-gradient":""},"mobile":{"background-color":"","background-image":"","background-repeat":"repeat","background-position":"center center","background-size":"auto","background-attachment":"scroll","background-type":"","background-media":"","overlay-type":"","overlay-color":"","overlay-opacity":"","overlay-gradient":""}},"ast-content-background-meta":{"desktop":{"background-color":"var(--ast-global-color-4)","background-image":"","background-repeat":"repeat","background-position":"center center","background-size":"auto","background-attachment":"scroll","background-type":"","background-media":"","overlay-type":"","overlay-color":"","overlay-opacity":"","overlay-gradient":""},"tablet":{"background-color":"var(--ast-global-color-4)","background-image":"","background-repeat":"repeat","background-position":"center center","background-size":"auto","background-attachment":"scroll","background-type":"","background-media":"","overlay-type":"","overlay-color":"","overlay-opacity":"","overlay-gradient":""},"mobile":{"background-color":"var(--ast-global-color-4)","background-image":"","background-repeat":"repeat","background-position":"center center","background-size":"auto","background-attachment":"scroll","background-type":"","background-media":"","overlay-type":"","overlay-color":"","overlay-opacity":"","overlay-gradient":""}},"footnotes":""},"class_list":["post-24","page","type-page","status-publish","hentry"],"_links":{"self":[{"href":"https:\/\/delusabonetes.com.br\/index.php?rest_route=\/wp\/v2\/pages\/24","targetHints":{"allow":["GET"]}}],"collection":[{"href":"https:\/\/delusabonetes.com.br\/index.php?rest_route=\/wp\/v2\/pages"}],"about":[{"href":"https:\/\/delusabonetes.com.br\/index.php?rest_route=\/wp\/v2\/types\/page"}],"author":[{"embeddable":true,"href":"https:\/\/delusabonetes.com.br\/index.php?rest_route=\/wp\/v2\/users\/1"}],"replies":[{"embeddable":true,"href":"https:\/\/delusabonetes.com.br\/index.php?rest_route=%2Fwp%2Fv2%2Fcomments&post=24"}],"version-history":[{"count":4,"href":"https:\/\/delusabonetes.com.br\/index.php?rest_route=\/wp\/v2\/pages\/24\/revisions"}],"predecessor-version":[{"id":32,"href":"https:\/\/delusabonetes.com.br\/index.php?rest_route=\/wp\/v2\/pages\/24\/revisions\/32"}],"wp:attachment":[{"href":"https:\/\/delusabonetes.com.br\/index.php?rest_route=%2Fwp%2Fv2%2Fmedia&parent=24"}],"curies":[{"name":"wp","href":"https:\/\/api.w.org\/{rel}","templated":true}]}}